{"id":10926,"date":"2023-11-16T17:54:18","date_gmt":"2023-11-16T16:54:18","guid":{"rendered":"https:\/\/www.energiedescouleurs.com\/homepage\/"},"modified":"2024-11-16T23:40:14","modified_gmt":"2024-11-16T22:40:14","slug":"homepage","status":"publish","type":"page","link":"https:\/\/www.energiedescouleurs.com\/en\/","title":{"rendered":"Home"},"content":{"rendered":"<div class=\"wpb-content-wrapper\"><p>[vc_row full_width=&#8221;stretch_row&#8221; min_height=&#8221;66&#8243; min_height_units=&#8221;vh&#8221; parallax=&#8221;cesis_parallax&#8221; parallax_image=&#8221;145&#8243; content_placement=&#8221;middle&#8221; css=&#8221;.vc_custom_1626958789479{padding-top: 120px !important;padding-bottom: 120px !important;background: #5b5b5b url(https:\/\/www.energiedescouleurs.com\/wp-content\/uploads\/2021\/06\/fond_1440p_v3.jpg?id=9453);}&#8221;][vc_column css=&#8221;.vc_custom_1542204177974{background-color: rgba(255,255,255,0.95) !important;*background-color: rgb(255,255,255) !important;}&#8221;][vc_row_inner css=&#8221;.vc_custom_1542205910636{padding-top: 5vh !important;padding-right: 5vw !important;padding-bottom: 5vh !important;padding-left: 5vw !important;}&#8221;][vc_column_inner width=&#8221;1\/2&#8243; css=&#8221;.vc_custom_1624442682105{padding-bottom: 20px !important;}&#8221;][vc_custom_heading text=&#8221;Creation and restoration of stained glass and glass objects&#8221; font_container=&#8221;tag:h1|font_size:46px|text_align:left|line_height:1.3em&#8221; use_theme_fonts=&#8221;yes&#8221; css=&#8221;.vc_custom_1646916732061{margin-bottom: 16px !important;}&#8221;][cesis_line_divider pos=&#8221;cesis_line_d_left&#8221; height=&#8221;4&#8243; width=&#8221;107&#8243; color=&#8221;#ff9925&#8243; margin_bottom=&#8221;40&#8243;][vc_column_text font_size=&#8221;18px&#8221; line_height=&#8221;1.5em&#8221; css=&#8221;.vc_custom_1627395950442{margin-bottom: 40px !important;}&#8221;]Arts and crafts workshop<\/p>\n<p>Well-being with light and colour[\/vc_column_text][cesis_button button_text=&#8221;Request a quotation&#8221; link=&#8221;https:\/\/www.energiedescouleurs.com\/contact\/&#8221; button_size=&#8221;cesis_button_custom&#8221; button_width=&#8221;290px&#8221; button_height=&#8221;56px&#8221; button_border=&#8221;2&#8243; use_icon=&#8221;yes&#8221; icon_pos=&#8221;cesis_button_icon_right&#8221; icon_style=&#8221;boxed&#8221; button_text_color=&#8221;#ffffff&#8221; button_bg_color=&#8221;#181c27&#8243; button_border_color=&#8221;#181c27&#8243; h_button_text_color=&#8221;#181c27&#8243; h_button_bg_color=&#8221;#ffffff&#8221; h_button_border_color=&#8221;#bfc3cf&#8221; button_l_spacing=&#8221;1.8&#8243; icon=&#8221;fa-chevron-right&#8221;][\/vc_column_inner][vc_column_inner width=&#8221;1\/2&#8243;][cesis_icon_paragraph i_size=&#8221;36&#8243; heading=&#8221;Experience&#8221; heading_space=&#8221;12&#8243; text=&#8221;L&#039;\u00c9nergie des Couleurs is able to meet your needs thanks to its experience in a Parisian master glassmaker&#039;s workshop and its passion for colours and their effect on our well-being.&#8221; margin_bottom=&#8221;20&#8243; heading_f_size=&#8221;16px&#8221; heading_f_weight=&#8221;500&#8243; heading_t_transform=&#8221;none&#8221; icon=&#8221;fa-star&#8221;][\/cesis_icon_paragraph][cesis_icon_paragraph i_size=&#8221;36&#8243; heading=&#8221;Our services&#8221; heading_space=&#8221;12&#8243; text=&#8221;L&#039;\u00c9nergie des Couleurs r\u00e9alise la cr\u00e9ation, la r\u00e9novation de vitraux et d\u2019objets verriers, selon les techniques traditionnelles au plomb, en Tiffany et en fusing.<br \/>\nSes services s&#039;adressent aux particuliers et aux prescripteurs tels que : architectes, d\u00e9corateurs d&#039;int\u00e9rieurs, syndic de copropri\u00e9t\u00e9, soci\u00e9t\u00e9 d&#039;\u00e9v\u00e8nementiel&#8230;&#8221; margin_bottom=&#8221;20&#8243; heading_f_size=&#8221;16px&#8221; heading_f_weight=&#8221;500&#8243; heading_t_transform=&#8221;none&#8221; icon=&#8221;fa-cogs&#8221;][\/cesis_icon_paragraph][cesis_icon_paragraph i_size=&#8221;36&#8243; heading=&#8221;A step closer to you&#8221; heading_space=&#8221;12&#8243; text=&#8221;L&#039;\u00c9nergie des Couleurs works in Paris and the surrounding area. It can also study projects outside the Paris region.&#8221; text_space=&#8221;0&#8243; heading_f_size=&#8221;16px&#8221; heading_f_weight=&#8221;500&#8243; heading_t_transform=&#8221;none&#8221; icon=&#8221;fa-location2&#8243;][\/cesis_icon_paragraph][\/vc_column_inner][\/vc_row_inner][\/vc_column][\/vc_row][vc_row equal_height=&#8221;yes&#8221; css=&#8221;.vc_custom_1624453104107{padding-top: 60px !important;padding-bottom: 0px !important;}&#8221;][vc_column css_animation=&#8221;fadeInUp&#8221; width=&#8221;1\/3&#8243; offset=&#8221;vc_col-xs-12&#8243;][cesis_icon_box link=&#8221;https:\/\/www.energiedescouleurs.com\/contact\/&#8221; box_type=&#8221;cesis_icon_box_h_top&#8221; i_choice=&#8221;image&#8221; image=&#8221;9460&#8243; image_size=&#8221;150&#8243; heading=&#8221;Opening hours&#8221; use_editor=&#8221;yes&#8221; text_space=&#8221;44&#8243; heading_font=&#8221;main_font&#8221; heading_f_size=&#8221;18px&#8221; text_f_size=&#8221;15px&#8221; text_f_weight=&#8221;500&#8243;]Monday to Friday<br \/>\n11:00 a.m. to 6:00 p.m.<br \/>\n<strong>To discuss your Project<\/strong><br \/>\n<em>And by appointment on Saturdays and outside opening hours<br \/>\n<br \/><\/em>[\/cesis_icon_box][\/vc_column][vc_column css_animation=&#8221;fadeInUp&#8221; width=&#8221;1\/3&#8243; offset=&#8221;vc_col-xs-12&#8243;][cesis_icon_box link=&#8221;https:\/\/www.energiedescouleurs.com\/contact\/&#8221; box_type=&#8221;cesis_icon_box_h_top&#8221; i_choice=&#8221;image&#8221; image=&#8221;9463&#8243; image_size=&#8221;150&#8243; heading=&#8221;Quote&#8221; use_editor=&#8221;yes&#8221; use_button=&#8221;yes&#8221; button_text=&#8221;Request a quotation&#8221; button_size=&#8221;cesis_button_medium&#8221; button_border=&#8221;2&#8243; button_text_color=&#8221;#181c27&#8243; button_bg_color=&#8221;#ffffff&#8221; button_border_color=&#8221;#bfc3cf&#8221; heading_font=&#8221;main_font&#8221; heading_f_size=&#8221;18px&#8221; text_f_size=&#8221;15px&#8221; text_f_weight=&#8221;500&#8243;]A customized quote<br \/>\n<strong>Because every stained-glass window is unique<\/strong><br \/>\n<em>(Decennial insurance for installation)<\/em>[\/cesis_icon_box][\/vc_column][vc_column css_animation=&#8221;fadeInUp&#8221; width=&#8221;1\/3&#8243; offset=&#8221;vc_col-xs-12&#8243;][cesis_icon_box link=&#8221;https:\/\/www.energiedescouleurs.com\/prestations\/&#8221; box_type=&#8221;cesis_icon_box_h_top&#8221; i_choice=&#8221;image&#8221; image=&#8221;9464&#8243; image_size=&#8221;150&#8243; heading=&#8221;Local&#8221; use_editor=&#8221;yes&#8221; heading_font=&#8221;main_font&#8221; heading_f_size=&#8221;18px&#8221; text_f_size=&#8221;15px&#8221; text_f_weight=&#8221;500&#8243; el_class=&#8221;icon-boxes-min-height&#8221;]Support before and after.<br \/>\n<strong>For a long-lasting project that suits you<\/strong>[\/cesis_icon_box][\/vc_column][\/vc_row][vc_row css=&#8221;.vc_custom_1624452713290{padding-top: 60px !important;padding-bottom: 0px !important;}&#8221;][vc_column css_animation=&#8221;fadeInLeft&#8221; width=&#8221;1\/2&#8243; css=&#8221;.vc_custom_1627388882580{padding-top: 0px !important;padding-bottom: 40px !important;}&#8221;][vc_custom_heading text=&#8221;Stained glass and leaded glass objects, Tiffany and Fusing&#8221; font_container=&#8221;tag:h2|font_size:40px|text_align:left|line_height:1.7em&#8221; use_theme_fonts=&#8221;yes&#8221; css=&#8221;.vc_custom_1626881032167{margin-bottom: 16px !important;}&#8221;][vc_column_text font_size=&#8221;18px&#8221; css=&#8221;.vc_custom_1626881186102{margin-bottom: 40px !important;}&#8221;]Completely designed and manufactured in our Paris workshop[\/vc_column_text][cesis_line_divider pos=&#8221;cesis_line_d_left&#8221; height=&#8221;4&#8243; width=&#8221;107&#8243; color=&#8221;#ff9925&#8243;][\/vc_column][vc_column css_animation=&#8221;fadeInRight&#8221; width=&#8221;1\/2&#8243; css=&#8221;.vc_custom_1627388886761{padding-bottom: 40px !important;}&#8221;][vc_custom_heading text=&#8221;All our products are created by skilled hands, working with passion, respecting the tradition and high quality that still characterise &quot;Made in France&quot; products today.&#8221; font_container=&#8221;tag:p|font_size:17px|text_align:left|color:%233c4049|line_height:24px&#8221; use_theme_fonts=&#8221;yes&#8221; css=&#8221;.vc_custom_1638102206522{margin-bottom: 16px !important;}&#8221;][vc_row_inner][vc_column_inner width=&#8221;1\/2&#8243;][vc_column_text font_size=&#8221;20px&#8221; line_height=&#8221;1.5em&#8221;]<strong>STAINED GLASS CREATION<\/strong><\/p>\n<p>Go for made-to-measure. For a sustainable project that reflects you.[\/vc_column_text][\/vc_column_inner][vc_column_inner width=&#8221;1\/2&#8243;][vc_column_text font_size=&#8221;20px&#8221; line_height=&#8221;1.5em&#8221;]<strong>STAINED GLASS RENOVATION<\/strong><\/p>\n<p>In the spirit and with the techniques of the original work. Comply with the Code of Ethics defined in the ECCO Rules of Professional Conduct.[\/vc_column_text][\/vc_column_inner][\/vc_row_inner][cesis_button button_text=&#8221;Find out more&#8221; link=&#8221;https:\/\/www.energiedescouleurs.com\/en\/the-craftsman-woman\/&#8221; target=&#8221;_blank&#8221; button_size=&#8221;cesis_button_custom&#8221; button_width=&#8221;270px&#8221; button_height=&#8221;56px&#8221; button_border=&#8221;2&#8243; use_icon=&#8221;yes&#8221; icon_pos=&#8221;cesis_button_icon_right&#8221; icon_style=&#8221;boxed&#8221; button_text_color=&#8221;#181c27&#8243; button_bg_color=&#8221;#ffffff&#8221; button_border_color=&#8221;#bfc3cf&#8221; button_f_size=&#8221;12px&#8221; button_l_spacing=&#8221;1.8&#8243; icon=&#8221;fa-rightarrow-tail&#8221;][\/vc_column][\/vc_row][vc_row full_width=&#8221;stretch_row_content_no_spaces&#8221; css=&#8221;.vc_custom_1627388747211{padding-top: 80px !important;padding-right: 5vw !important;padding-bottom: 0px !important;padding-left: 5vw !important;}&#8221;][vc_column][cesis_portfolio type=&#8221;isotope_packery&#8221; style_ip=&#8221;cesis_portfolio_style_10&#8243; hover=&#8221;cesis_hover_fade&#8221; to_show=&#8221;6&#8243; category=&#8221;all&#8221; tag=&#8221;all&#8221; col=&#8221;2&#8243; inner_padding_ip=&#8221;5%&#8221; i_date=&#8221;yes&#8221; i_tag=&#8221;yes&#8221; css_animation=&#8221;fadeInUp&#8221; margin_bottom=&#8221;60&#8243; m_mbg_color=&#8221;#ffffff&#8221;][cesis_button button_text=&#8221;More projects&#8221; link=&#8221;https:\/\/www.energiedescouleurs.com\/en\/our-achievements\/&#8221; button_pos=&#8221;center&#8221; button_size=&#8221;cesis_button_custom&#8221; button_width=&#8221;275px&#8221; button_height=&#8221;48px&#8221; button_border=&#8221;2&#8243; use_icon=&#8221;yes&#8221; icon_pos=&#8221;cesis_button_icon_right&#8221; icon_style=&#8221;boxed&#8221; button_text_color=&#8221;#ffffff&#8221; button_bg_color=&#8221;#181c27&#8243; button_border_color=&#8221;#181c27&#8243; h_button_text_color=&#8221;#181c27&#8243; h_button_bg_color=&#8221;#ffffff&#8221; h_button_border_color=&#8221;#bfc3cf&#8221; icon=&#8221;fa-chevron-right&#8221;][\/vc_column][\/vc_row][vc_row full_width=&#8221;stretch_row&#8221; css=&#8221;.vc_custom_1627388742040{padding-top: 80px !important;padding-bottom: 60px !important;background-position: center !important;background-repeat: no-repeat !important;background-size: cover !important;}&#8221;][vc_column][cesis_testimonials style=&#8221;cesis_tm_7&#8243; force_font=&#8221;custom&#8221; h_f_size=&#8221;20px&#8221; h_f_weight=&#8221;500&#8243; h_l_height=&#8221;32px&#8221; h_t_transform=&#8221;none&#8221; h_l_spacing=&#8221;1.4&#8243; text_font=&#8221;custom&#8221; google_fonts=&#8221;font_family:Crimson%20Text%3Aregular%2Citalic%2C600%2C600italic%2C700%2C700italic|font_style:400%20regular%3A400%3Anormal&#8221; t_f_size=&#8221;32px&#8221; t_l_height=&#8221;1.5em&#8221; a_f_size=&#8221;12px&#8221; a_f_weight=&#8221;300&#8243; a_l_spacing=&#8221;0.9&#8243; type=&#8221;isotope&#8221; padding=&#8221;0&#8243; testimonials=&#8221;%5B%7B%22author%22%3A%22Bernard%20Henry%22%2C%22a_info%22%3A%22Des%20M%C3%A9tiers%20et%20des%20hommes%20aux%20ateliers%20d%E2%80%99art%22%2C%22t_content%22%3A%22%C2%AB%20Un%20vitrail%20n%E2%80%99est%20pas%20seulement%20une%20transparence%20color%C3%A9e%2C%20c%E2%80%99est%20aussi%20des%20jeux%20d%E2%80%99ombres%20et%20de%20reflets%20venant%20se%20poser%2C%20en%20les%20embellissant%2C%20sur%20les%20murs%20des%20%C3%A9difices%20en%20une%20valse%20lente%20qui%20a%20pour%20ma%C3%AEtre%20de%20ballet%20le%20soleil%20%C2%BB%22%2C%22layout%22%3A%22full%22%2C%22t_color%22%3A%22%2315181f%22%7D%5D&#8221; nav_align=&#8221;cesis_owl_nav_center&#8221;][\/vc_column][\/vc_row][vc_row full_width=&#8221;stretch_row_content&#8221; parallax=&#8221;cesis_parallax&#8221; parallax_image=&#8221;9453&#8243; css=&#8221;.vc_custom_1626969171109{padding-top: 100px !important;padding-bottom: 100px !important;}&#8221;][vc_column width=&#8221;1\/4&#8243;][vc_single_image image=&#8221;10798&#8243;][\/vc_column][vc_column width=&#8221;1\/2&#8243;][vc_column_text text_resize=&#8221;yes&#8221; font_color=&#8221;#ffffff&#8221;]<\/p>\n<h3 style=\"text-align: center;\">L&#8217;\u00c9nergie des Couleurs, a company listed in the official Annuaire des M\u00e9tiers d&#8217;Art de France as a master glassworker (Vitrailliste) in the field of architecture.<\/h3>\n<p>[\/vc_column_text][\/vc_column][vc_column width=&#8221;1\/4&#8243;][vc_single_image image=&#8221;10800&#8243; alignment=&#8221;right&#8221;][\/vc_column][\/vc_row]<\/p>\n<\/div>","protected":false},"excerpt":{"rendered":"<p>[vc_row full_width=&#8221;stretch_row&#8221; min_height=&#8221;66&#8243; min_height_units=&#8221;vh&#8221; parallax=&#8221;cesis_parallax&#8221; parallax_image=&#8221;145&#8243; content_placement=&#8221;middle&#8221; css=&#8221;.vc_custom_1626958789479{padding-top: 120px !important;padding-bottom: 120px !important;background: #5b5b5b url(https:\/\/www.energiedescouleurs.com\/wp-content\/uploads\/2021\/06\/fond_1440p_v3.jpg?id=9453);}&#8221;][vc_column css=&#8221;.vc_custom_1542204177974{background-color: rgba(255,255,255,0.95) !important;*background-color: rgb(255,255,255) !important;}&#8221;][vc_row_inner css=&#8221;.vc_custom_1542205910636{padding-top: 5vh !important;padding-right: 5vw !important;padding-bottom: 5vh !important;padding-left: 5vw !important;}&#8221;][vc_column_inner width=&#8221;1\/2&#8243; css=&#8221;.vc_custom_1624442682105{padding-bottom: 20px !important;}&#8221;][vc_custom_heading text=&#8221;Creation and restoration of stained glass and glass objects&#8221; font_container=&#8221;tag:h1|font_size:46px|text_align:left|line_height:1.3em&#8221; use_theme_fonts=&#8221;yes&#8221; css=&#8221;.vc_custom_1646916732061{margin-bottom: 16px !important;}&#8221;][cesis_line_divider pos=&#8221;cesis_line_d_left&#8221; height=&#8221;4&#8243; width=&#8221;107&#8243; color=&#8221;#ff9925&#8243; margin_bottom=&#8221;40&#8243;][vc_column_text font_size=&#8221;18px&#8221; line_height=&#8221;1.5em&#8221; css=&#8221;.vc_custom_1627395950442{margin-bottom: 40px [&hellip;]<\/p>\n","protected":false},"author":1,"featured_media":0,"parent":0,"menu_order":5,"comment_status":"closed","ping_status":"closed","template":"","meta":{"footnotes":""},"class_list":["post-10926","page","type-page","status-publish","hentry"],"aioseo_notices":[],"_links":{"self":[{"href":"https:\/\/www.energiedescouleurs.com\/en\/wp-json\/wp\/v2\/pages\/10926","targetHints":{"allow":["GET"]}}],"collection":[{"href":"https:\/\/www.energiedescouleurs.com\/en\/wp-json\/wp\/v2\/pages"}],"about":[{"href":"https:\/\/www.energiedescouleurs.com\/en\/wp-json\/wp\/v2\/types\/page"}],"author":[{"embeddable":true,"href":"https:\/\/www.energiedescouleurs.com\/en\/wp-json\/wp\/v2\/users\/1"}],"replies":[{"embeddable":true,"href":"https:\/\/www.energiedescouleurs.com\/en\/wp-json\/wp\/v2\/comments?post=10926"}],"version-history":[{"count":18,"href":"https:\/\/www.energiedescouleurs.com\/en\/wp-json\/wp\/v2\/pages\/10926\/revisions"}],"predecessor-version":[{"id":11565,"href":"https:\/\/www.energiedescouleurs.com\/en\/wp-json\/wp\/v2\/pages\/10926\/revisions\/11565"}],"wp:attachment":[{"href":"https:\/\/www.energiedescouleurs.com\/en\/wp-json\/wp\/v2\/media?parent=10926"}],"curies":[{"name":"wp","href":"https:\/\/api.w.org\/{rel}","templated":true}]}}