{"id":10934,"date":"2023-11-17T18:18:13","date_gmt":"2023-11-17T17:18:13","guid":{"rendered":"https:\/\/www.energiedescouleurs.com\/the-craftsman-woman\/"},"modified":"2024-11-16T23:40:46","modified_gmt":"2024-11-16T22:40:46","slug":"the-craftsman-woman","status":"publish","type":"page","link":"https:\/\/www.energiedescouleurs.com\/en\/the-craftsman-woman\/","title":{"rendered":"The craftsman \/ woman"},"content":{"rendered":"<div class=\"wpb-content-wrapper\"><p>[vc_row full_width=&#8221;stretch_row_content&#8221; min_height=&#8221;40&#8243; min_height_units=&#8221;vh&#8221; parallax=&#8221;cesis_parallax&#8221; parallax_image=&#8221;9453&#8243; cesis_content_effect=&#8221;cesis_row_e_fade_stick&#8221; cesis_content_effect_depth=&#8221;0.3&#8243; content_placement=&#8221;middle&#8221; css=&#8221;.vc_custom_1626967592238{padding-top: 80px !important;padding-bottom: 80px !important;}&#8221; overlay=&#8221;rgba(255,153,37,0.6)&#8221;][vc_column][vc_custom_heading text=&#8221;The craftsman \/ woman&#8221; font_container=&#8221;tag:h1|font_size:80px|text_align:center|color:%23ffffff|line_height:1.2em&#8221; text_resize=&#8221;yes&#8221; text_minimum=&#8221;32&#8243; use_theme_fonts=&#8221;yes&#8221; css=&#8221;.vc_custom_1624472580509{margin-bottom: 16px !important;}&#8221;][cesis_line_divider height=&#8221;6&#8243; width=&#8221;102&#8243; color=&#8221;#ffffff&#8221; margin_bottom=&#8221;40&#8243;][\/vc_column][\/vc_row][vc_row css=&#8221;.vc_custom_1626967536620{padding-top: 60px !important;}&#8221;][vc_column css_animation=&#8221;fadeIn&#8221; width=&#8221;1\/2&#8243; css=&#8221;.vc_custom_1625647251126{padding-top: 0px !important;padding-bottom: 0px !important;}&#8221;][vc_custom_heading text=&#8221;My journey&#8221; font_container=&#8221;tag:h2|font_size:40px|text_align:left|line_height:1.7em&#8221; use_theme_fonts=&#8221;yes&#8221; css=&#8221;.vc_custom_1624472982794{margin-bottom: 16px !important;}&#8221;][cesis_line_divider pos=&#8221;cesis_line_d_left&#8221; height=&#8221;4&#8243; width=&#8221;107&#8243; color=&#8221;#ff9925&#8243; margin_bottom=&#8221;40&#8243;][vc_column_text]Before becoming an artisan and creating and restoring stained glass windows, I worked for 28 years in the human resources departments of large service groups (hypermarkets, banks, insurance companies).<\/p>\n<p>My energy and my colourful outfits have left their mark on the various teams that I&#8217;ve been in charge of over the years.[\/vc_column_text][vc_column_text]Who wouldn&#8217;t be drawn to light and the feeling of well-being it brings? Its range of colours improves our lives and our psyche as an anti-stress agent. It brings joy, tranquillity and a sense of well-being.<\/p>\n<p>I tried to understand it. I have studied energetic medicine such as chromotherapy.<\/p>\n<p>My discovery of painters was accompanied by my mother, a painter and painting enthusiast. I was able to learn their techniques for the transcription of light and colour.<\/p>\n<p>I continued to explore all the visual arts, creating jewellery and decorative objects.[\/vc_column_text][\/vc_column][vc_column width=&#8221;1\/2&#8243; css=&#8221;.vc_custom_1624473767494{padding-bottom: 0px !important;}&#8221;][vc_column_text]<\/p>\n<div style=\"width: 1250px;\" class=\"wp-video\"><video class=\"wp-video-shortcode\" id=\"video-10934-1\" width=\"1250\" height=\"703\" preload=\"metadata\" controls=\"controls\"><source type=\"video\/mp4\" src=\"https:\/\/www.energiedescouleurs.com\/wp-content\/uploads\/2023\/02\/Video_LEnergie-des-Couleurs_Francais.mp4?_=1\" \/><a href=\"https:\/\/www.energiedescouleurs.com\/wp-content\/uploads\/2023\/02\/Video_LEnergie-des-Couleurs_Francais.mp4\">https:\/\/www.energiedescouleurs.com\/wp-content\/uploads\/2023\/02\/Video_LEnergie-des-Couleurs_Francais.mp4<\/a><\/video><\/div>\n<p>[\/vc_column_text][\/vc_column][\/vc_row][vc_row full_width=&#8221;stretch_row&#8221; content_placement=&#8221;top&#8221; css=&#8221;.vc_custom_1626967530332{padding-bottom: 60px !important;background-position: center !important;background-repeat: no-repeat !important;background-size: cover !important;}&#8221;][vc_column css_animation=&#8221;fadeInLeft&#8221; width=&#8221;1\/2&#8243;][vc_column_text]<\/p>\n<blockquote><p><strong>Stained glass was already there, thanks to my father, who had decorated the family home with a large number of stained glass windows. He created them following master glassmakers like Bruno Tosi, Sante and Diego Pizzol.<\/strong><\/p><\/blockquote>\n<p>[\/vc_column_text][\/vc_column][vc_column css_animation=&#8221;fadeIn&#8221; width=&#8221;1\/2&#8243;][vc_column_text]That&#8217;s why, today, I&#8217;m naturally drawn to a profession that combines colour, light, creation and glass: glass painting.<\/p>\n<p>This fascinating profession, which allows me to create with my own hands, conveys the simple values of artistic craftsmanship: rigour, perfection of gesture, quality and beauty.<\/p>\n<p>It was at the &#8220;Journ\u00e9es Europ\u00e9ennes des M\u00e9tiers d&#8217;Arts&#8221; (The European Crafts Days,) that I had a decisive and timely encounter that allowed me to bring my project to fruition. I met Nolwenn Chassin de Kergommeau in Paris, a master glassmaker of great renown.<\/p>\n<p>After completing an adult vocational training course, I successfully passed the CAP Art et Techniques du verre (Certificate of Professional Competence in Glass Art and Techniques) with the stained glass option, and was able to set up my own workshop.[\/vc_column_text][\/vc_column][\/vc_row][vc_row full_width=&#8221;stretch_row_content&#8221; parallax=&#8221;cesis_parallax&#8221; parallax_image=&#8221;9453&#8243; css=&#8221;.vc_custom_1626967674459{padding-top: 100px !important;padding-bottom: 100px !important;}&#8221; overlay=&#8221;rgba(255,153,37,0.6)&#8221;][vc_column][\/vc_column][\/vc_row]<\/p>\n<\/div>","protected":false},"excerpt":{"rendered":"<p>[vc_row full_width=&#8221;stretch_row_content&#8221; min_height=&#8221;40&#8243; min_height_units=&#8221;vh&#8221; parallax=&#8221;cesis_parallax&#8221; parallax_image=&#8221;9453&#8243; cesis_content_effect=&#8221;cesis_row_e_fade_stick&#8221; cesis_content_effect_depth=&#8221;0.3&#8243; content_placement=&#8221;middle&#8221; css=&#8221;.vc_custom_1626967592238{padding-top: 80px !important;padding-bottom: 80px !important;}&#8221; overlay=&#8221;rgba(255,153,37,0.6)&#8221;][vc_column][vc_custom_heading text=&#8221;The craftsman \/ woman&#8221; font_container=&#8221;tag:h1|font_size:80px|text_align:center|color:%23ffffff|line_height:1.2em&#8221; text_resize=&#8221;yes&#8221; text_minimum=&#8221;32&#8243; use_theme_fonts=&#8221;yes&#8221; css=&#8221;.vc_custom_1624472580509{margin-bottom: 16px !important;}&#8221;][cesis_line_divider height=&#8221;6&#8243; width=&#8221;102&#8243; color=&#8221;#ffffff&#8221; margin_bottom=&#8221;40&#8243;][\/vc_column][\/vc_row][vc_row css=&#8221;.vc_custom_1626967536620{padding-top: 60px !important;}&#8221;][vc_column css_animation=&#8221;fadeIn&#8221; width=&#8221;1\/2&#8243; css=&#8221;.vc_custom_1625647251126{padding-top: 0px !important;padding-bottom: 0px !important;}&#8221;][vc_custom_heading text=&#8221;My journey&#8221; font_container=&#8221;tag:h2|font_size:40px|text_align:left|line_height:1.7em&#8221; use_theme_fonts=&#8221;yes&#8221; css=&#8221;.vc_custom_1624472982794{margin-bottom: 16px !important;}&#8221;][cesis_line_divider pos=&#8221;cesis_line_d_left&#8221; height=&#8221;4&#8243; width=&#8221;107&#8243; color=&#8221;#ff9925&#8243; margin_bottom=&#8221;40&#8243;][vc_column_text]Before becoming an artisan [&hellip;]<\/p>\n","protected":false},"author":1,"featured_media":0,"parent":0,"menu_order":7,"comment_status":"closed","ping_status":"closed","template":"","meta":{"footnotes":""},"class_list":["post-10934","page","type-page","status-publish","hentry"],"aioseo_notices":[],"_links":{"self":[{"href":"https:\/\/www.energiedescouleurs.com\/en\/wp-json\/wp\/v2\/pages\/10934","targetHints":{"allow":["GET"]}}],"collection":[{"href":"https:\/\/www.energiedescouleurs.com\/en\/wp-json\/wp\/v2\/pages"}],"about":[{"href":"https:\/\/www.energiedescouleurs.com\/en\/wp-json\/wp\/v2\/types\/page"}],"author":[{"embeddable":true,"href":"https:\/\/www.energiedescouleurs.com\/en\/wp-json\/wp\/v2\/users\/1"}],"replies":[{"embeddable":true,"href":"https:\/\/www.energiedescouleurs.com\/en\/wp-json\/wp\/v2\/comments?post=10934"}],"version-history":[{"count":13,"href":"https:\/\/www.energiedescouleurs.com\/en\/wp-json\/wp\/v2\/pages\/10934\/revisions"}],"predecessor-version":[{"id":11567,"href":"https:\/\/www.energiedescouleurs.com\/en\/wp-json\/wp\/v2\/pages\/10934\/revisions\/11567"}],"wp:attachment":[{"href":"https:\/\/www.energiedescouleurs.com\/en\/wp-json\/wp\/v2\/media?parent=10934"}],"curies":[{"name":"wp","href":"https:\/\/api.w.org\/{rel}","templated":true}]}}